{"id":3910,"date":"2026-03-23T13:21:09","date_gmt":"2026-03-23T12:21:09","guid":{"rendered":"https:\/\/europeanchampionships.bertaeins.ch\/newsletter-abonnieren\/"},"modified":"2026-05-13T15:27:20","modified_gmt":"2026-05-13T13:27:20","slug":"newsletter-abonnieren","status":"publish","type":"page","link":"https:\/\/ec2030.ch\/fr\/newsletter-abonnieren\/","title":{"rendered":"S&rsquo;abonner \u00e0 la newsletter"},"content":{"rendered":"\n            <section class=\"form-1-block block-margins\" id=\"\">\n            <div class=\"title-block-wrapper visibleInBackend block-outer-sides-paddings\">\n                \n                            <\/div>\n\n                            <div class=\"form visibleInBackend block-outer-sides-paddings\">\n                    <div class=\"frm_forms \" id=\"frm_form_32_container\" >\n<form enctype=\"multipart\/form-data\" method=\"post\" class=\"frm-show-form  frm_js_validate  frm_ajax_submit  frm_pro_form \" id=\"form_newsletter-form-de222\" >\n<div class=\"frm_form_fields \">\n<fieldset>\n<legend class=\"frm_screen_reader\">Newsletter FR (Gutenberg block)<\/legend>\r\n\r\n<div class=\"frm_fields_container\">\n<input type=\"hidden\" name=\"frm_action\" value=\"create\" \/>\n<input type=\"hidden\" name=\"form_id\" value=\"32\" \/>\n<input type=\"hidden\" name=\"frm_hide_fields_32\" id=\"frm_hide_fields_32\" value=\"\" \/>\n<input type=\"hidden\" name=\"form_key\" value=\"newsletter-form-de222\" \/>\n<input type=\"hidden\" name=\"item_meta[0]\" value=\"\" \/>\n<input type=\"hidden\" id=\"frm_submit_entry_32\" name=\"frm_submit_entry_32\" value=\"98f53c3624\" \/><input type=\"hidden\" name=\"_wp_http_referer\" value=\"\/fr\/wp-json\/wp\/v2\/pages\/3910\" \/><div id=\"frm_field_433_container\" class=\"frm_form_field form-field  frm_required_field frm_top_container form-select form-anrede\">\r\n    <label for=\"field_anrede-lang_de42\" id=\"field_anrede-lang_de42_label\" class=\"frm_primary_label\">Salutation\r\n        <span class=\"frm_required\" aria-hidden=\"true\">*<\/span>\r\n    <\/label>\r\n    \t\t<select name=\"item_meta[433]\" id=\"field_anrede-lang_de42\"  data-placeholder=\"Salutation*\"  placeholder=\"Salutation*\" data-reqmsg=\"Ce champ ne doit pas \u00eatre vide.\" aria-required=\"true\" data-invmsg=\"Salutation est non valide\" aria-invalid=\"false\"  >\n\t\t<option  class=\"frm-select-placeholder\" value=\"\" data-placeholder=\"true\">Salutation*<\/option><option  value=\"Monsieur\">Monsieur<\/option><option  value=\"Madame\">Madame<\/option>\t<\/select>\n\t\r\n    \r\n    \r\n<\/div>\n<div id=\"frm_field_434_container\" class=\"frm_form_field form-field  frm_required_field frm_top_container form-vorname frm_half\">\r\n    <label for=\"field_vorname-lang_de42\" id=\"field_vorname-lang_de42_label\" class=\"frm_primary_label\">Pr\u00e9nom\r\n        <span class=\"frm_required\" aria-hidden=\"true\">*<\/span>\r\n    <\/label>\r\n    <input  type=\"text\" id=\"field_vorname-lang_de42\" name=\"item_meta[434]\" value=\"\"  placeholder=\"Pr\u00e9nom*\" data-reqmsg=\"Ce champ ne doit pas \u00eatre vide.\" aria-required=\"true\" data-invmsg=\"Name ist ung\u00fcltig\" aria-invalid=\"false\"   \/>\r\n    \r\n    \r\n<\/div>\n<div id=\"frm_field_435_container\" class=\"frm_form_field form-field  frm_required_field frm_top_container form-nachname frm_half\">\r\n    <label for=\"field_nachname-lang_de42\" id=\"field_nachname-lang_de42_label\" class=\"frm_primary_label\">Nom\r\n        <span class=\"frm_required\" aria-hidden=\"true\">*<\/span>\r\n    <\/label>\r\n    <input  type=\"text\" id=\"field_nachname-lang_de42\" name=\"item_meta[435]\" value=\"\"  placeholder=\"Nom*\" data-reqmsg=\"Ce champ ne doit pas \u00eatre vide.\" aria-required=\"true\" data-invmsg=\"Last ist ung\u00fcltig\" aria-invalid=\"false\"   \/>\r\n    \r\n    \r\n<\/div>\n<div id=\"frm_field_438_container\" class=\"frm_form_field form-field  frm_required_field frm_top_container form-email\">\r\n    <label for=\"field_email-lang_de42\" id=\"field_email-lang_de42_label\" class=\"frm_primary_label\">E-mail\r\n        <span class=\"frm_required\" aria-hidden=\"true\">*<\/span>\r\n    <\/label>\r\n    <input type=\"email\" id=\"field_email-lang_de42\" name=\"item_meta[438]\" value=\"\"  placeholder=\"E-mail*\" data-reqmsg=\"Ce champ ne doit pas \u00eatre vide.\" aria-required=\"true\" data-invmsg=\"L&#039;E-mail est invalide.\" aria-invalid=\"false\"  \/>\r\n    \r\n    \r\n<\/div>\n<div id=\"frm_field_439_container\" class=\"frm_form_field form-field  frm_required_field frm_top_container form_checkbox form_checkbox_req vertical_radio\">\r\n    <div  id=\"field_agree-lang_de42_label\" class=\"frm_primary_label\">Par la pr\u00e9sente, j&rsquo;accepte les dispositions relatives \u00e0 la protection des donn\u00e9es.\r\n        <span class=\"frm_required\" aria-hidden=\"true\">*<\/span>\r\n    <\/div>\r\n    <div class=\"frm_opt_container\" aria-labelledby=\"field_agree-lang_de42_label\" role=\"group\">\t\t<div class=\"frm_checkbox\" id=\"frm_checkbox_439-0\">\t\t\t<label  for=\"field_agree-lang_de42-0\">\n\t\t\t<input type=\"checkbox\" name=\"item_meta[439][]\" id=\"field_agree-lang_de42-0\" value=\"Par la pr\u00e9sente, j&#039;accepte les dispositions relatives \u00e0 la &lt;a href=&quot;\/fr\/datenschutz\/&quot; target=&quot;_blank&quot;&gt;protection des donn\u00e9es.&lt;\/a&gt;\"  data-reqmsg=\"Ce champ ne doit pas \u00eatre vide.\" data-invmsg=\"Par la pr\u00e9sente, j&#039;accepte les dispositions relatives \u00e0 la protection des donn\u00e9es. ist ung\u00fcltig\"   aria-required=\"true\"  \/> Par la pr\u00e9sente, j&rsquo;accepte les dispositions relatives \u00e0 la <a href=\"\/fr\/datenschutz\/\" target=\"_blank\">protection des donn\u00e9es.<\/a><\/label><\/div>\n<\/div>\r\n    \r\n    \r\n<\/div>\n\t\t<input  type=\"hidden\" name=\"item_meta[440]\" id=\"field_newsletter_abonnieren-lang_de42\" value=\"newsletter_abonnieren\"  data-frmval=\"newsletter_abonnieren\"   \/>\n\t\t<div id=\"frm_field_441_container\" class=\"frm_form_field form-field  frm_top_container hidden_lang_field\">\r\n    <label for=\"field_formlang-field08348120a42\" id=\"field_formlang-field08348120a42_label\" class=\"frm_primary_label\">Lang\r\n        <span class=\"frm_required\" aria-hidden=\"true\"><\/span>\r\n    <\/label>\r\n    <input  type=\"text\" id=\"field_formlang-field08348120a42\" name=\"item_meta[441]\" value=\"fr\"  data-frmval=\"fr\" data-invmsg=\"Text ist ung\u00fcltig\" aria-invalid=\"false\"   \/>\r\n    \r\n    \r\n<\/div>\n<div id=\"frm_field_442_container\" class=\"frm_form_field form-field  frm_none_container\">\r\n    <label for=\"g-recaptcha-response\" id=\"field_4qje42_label\" class=\"frm_primary_label\">reCAPTCHA\r\n        <span class=\"frm_required\" aria-hidden=\"true\"><\/span>\r\n    <\/label>\r\n    <div  id=\"field_4qje42\" class=\"frm-g-recaptcha\" data-sitekey=\"6Lcs5CgsAAAAAG72XchC8C4EXv-NIpDgMM493lbJ\" data-size=\"invisible\" data-theme=\"light\"><\/div>\r\n    \r\n    \r\n<\/div>\n<div id=\"frm_field_593_container\" class=\"frm_form_field form-field \">\n\t<div class=\"frm_submit\">\r\n\r\n<button class=\"frm_button_submit frm_final_submit\" type=\"submit\"   formnovalidate=\"formnovalidate\">Enregistrer<\/button>\r\n\r\n<\/div>\n<\/div>\n\t<input type=\"hidden\" name=\"item_key\" value=\"\" \/>\n\t\t\t<div id=\"frm_field_597_container\">\n\t\t\t<label for=\"field_3niqm\" >\n\t\t\t\tSi vous \u00eates un humain, ne remplissez pas ce champ.\t\t\t<\/label>\n\t\t\t<input  id=\"field_3niqm\" type=\"text\" class=\"frm_form_field form-field frm_verify\" name=\"item_meta[597]\" value=\"\"  \/>\n\t\t<\/div>\n\t\t<input name=\"frm_state\" type=\"hidden\" value=\"OLIk56e9xB0akHOe+vJgOlRzsAeZi9ilJVtRtYc2YeeXLsO0NYMmSy7adjaVTvO8\" \/><\/div>\n<\/fieldset>\n<\/div>\n\n<\/form>\n<\/div>\n                <\/div>\n                    <\/section>\n\n        <script>\n            var controller = new ScrollMagic.Controller();\n\n            new ScrollMagic.Scene({\n                triggerElement: \".form-1-block .title-block-wrapper\",\n                triggerHook: 0.8,\n                offset: 0\n            })\n                .setClassToggle(\".form-1-block .title-block-wrapper\", \"visibleBlock\")\n                .addTo(controller);\n\n            new ScrollMagic.Scene({\n                triggerElement: \".form-1-block .form\",\n                triggerHook: 0.8,\n                offset: 0\n            })\n                .setClassToggle(\".form-1-block .form\", \"visibleBlock\")\n                .addTo(controller);\n        <\/script>\n    \n\n","protected":false},"excerpt":{"rendered":"","protected":false},"author":1,"featured_media":4661,"parent":0,"menu_order":13,"comment_status":"closed","ping_status":"closed","template":"","meta":{"_acf_changed":false,"inline_featured_image":false,"footnotes":""},"class_list":["post-3910","page","type-page","status-publish","has-post-thumbnail","hentry"],"acf":[],"_links":{"self":[{"href":"https:\/\/ec2030.ch\/fr\/wp-json\/wp\/v2\/pages\/3910","targetHints":{"allow":["GET"]}}],"collection":[{"href":"https:\/\/ec2030.ch\/fr\/wp-json\/wp\/v2\/pages"}],"about":[{"href":"https:\/\/ec2030.ch\/fr\/wp-json\/wp\/v2\/types\/page"}],"author":[{"embeddable":true,"href":"https:\/\/ec2030.ch\/fr\/wp-json\/wp\/v2\/users\/1"}],"replies":[{"embeddable":true,"href":"https:\/\/ec2030.ch\/fr\/wp-json\/wp\/v2\/comments?post=3910"}],"version-history":[{"count":7,"href":"https:\/\/ec2030.ch\/fr\/wp-json\/wp\/v2\/pages\/3910\/revisions"}],"predecessor-version":[{"id":6167,"href":"https:\/\/ec2030.ch\/fr\/wp-json\/wp\/v2\/pages\/3910\/revisions\/6167"}],"wp:featuredmedia":[{"embeddable":true,"href":"https:\/\/ec2030.ch\/fr\/wp-json\/wp\/v2\/media\/4661"}],"wp:attachment":[{"href":"https:\/\/ec2030.ch\/fr\/wp-json\/wp\/v2\/media?parent=3910"}],"curies":[{"name":"wp","href":"https:\/\/api.w.org\/{rel}","templated":true}]}}