{"id":5286,"date":"2026-04-01T10:56:06","date_gmt":"2026-04-01T08:56:06","guid":{"rendered":"https:\/\/europeanchampionships.bertaeins.ch\/unihockey\/"},"modified":"2026-05-11T15:43:40","modified_gmt":"2026-05-11T13:43:40","slug":"unihockey","status":"publish","type":"page","link":"https:\/\/ec2030.ch\/fr\/unihockey\/","title":{"rendered":"Unihockey"},"content":{"rendered":"\n<p>Le unihockey, sport rapide pratiqu\u00e9 en salle, devrait faire partie des European Championships pour la premi\u00e8re fois en 2030. Le unihockey est particuli\u00e8rement bien implant\u00e9 en Suisse et en Scandinavie, o\u00f9 il se joue en 5 contre 5 lors des matchs internationaux. Le jeu se caract\u00e9rise par sa vitesse, sa technique et son flux de jeu continu, offrant ainsi les meilleures conditions pour un format de comp\u00e9tition attrayant et convivial pour les spectateurs.<\/p>\n\n\n\n<ul class=\"wp-block-list is-style-default\">\n<li><strong>Disciplines<\/strong>: Femmes, Hommes<\/li>\n\n\n\n<li><strong>M\u00e9dailles<\/strong> <strong>d\u00e9cern\u00e9es<\/strong>: 2<\/li>\n\n\n\n<li><strong>Lieu<\/strong>: Zurich\/B\u00e2le<\/li>\n\n\n\n<li><strong>F\u00e9d\u00e9ration internationale<\/strong>: International Floorball Federation (IFF)<\/li>\n\n\n\n<li><strong>F\u00e9d\u00e9ration nationale<\/strong>: swiss unihockey<\/li>\n<\/ul>\n\n\n\n<h2 class=\"wp-block-heading\">Faits de la F\u00e9d\u00e9ration swiss unihockey<\/h2>\n\n\n\n<p class=\"is-style-default\">swiss unihockey a \u00e9t\u00e9 fond\u00e9e en 1985 et regroupe 353 clubs et 42 110 membres.<\/p>\n\n\n<div class=\"empty-divider\" id=\"\"><\/div>\n\n\n            <section class=\"our-story our-story-6a06ebbe75128 block-paddings\">\n            <div class=\"block_bg blue_light_color\"><\/div>\n\n            <div class=\"our-story-content scrollMagic-block visibleInBackend\" data-uid=\"6a06ebbe7512d\">\n                <div class=\"block-title-wrapper\">\n                    \n                                            <h2 class=\"block-title text-secondary-color\">Highlights Suisses<\/h2>\n                                    <\/div>\n\n                <div class=\"our-story-slider-container\">\n                    <div class=\"our-story-slider\">\n                                                    <div class=\"our-story-slide\">\n                                <div class=\"our-story-slide-content\">\n                                    <div class=\"our-story-slide-content-top\">\n                                                                            <\/div>\n\n                                    <div class=\"our-story-slide-content-l\">\n                                        <p class=\"story_date margin-bottom-0\">1985<\/p>\n                                    <\/div>\n\n                                    <div class=\"our-story-slide-content-r\">\n                                                                                    <h4 class=\"story_title small-version mb_0\">Fondation de swiss unihockey<\/h4>\n                                        \n                                                                            <\/div>\n                                <\/div>\n                            <\/div>\n                                                    <div class=\"our-story-slide\">\n                                <div class=\"our-story-slide-content\">\n                                    <div class=\"our-story-slide-content-top\">\n                                                                            <\/div>\n\n                                    <div class=\"our-story-slide-content-l\">\n                                        <p class=\"story_date margin-bottom-0\">2003<\/p>\n                                    <\/div>\n\n                                    <div class=\"our-story-slide-content-r\">\n                                                                                    <h4 class=\"story_title small-version mb_0\">CM \u00e0 domicile<\/h4>\n                                        \n                                                                                    <div class=\"desc text-block-white-primary-color text-block-small-version\">\n                                                <p>Championnats du monde f\u00e9minine \u00e0 Berne<\/p>\n                                            <\/div>\n                                                                            <\/div>\n                                <\/div>\n                            <\/div>\n                                                    <div class=\"our-story-slide\">\n                                <div class=\"our-story-slide-content\">\n                                    <div class=\"our-story-slide-content-top\">\n                                                                            <\/div>\n\n                                    <div class=\"our-story-slide-content-l\">\n                                        <p class=\"story_date margin-bottom-0\">2004<\/p>\n                                    <\/div>\n\n                                    <div class=\"our-story-slide-content-r\">\n                                                                                    <h4 class=\"story_title small-version mb_0\">CM \u00e0 domicile<\/h4>\n                                        \n                                                                                    <div class=\"desc text-block-white-primary-color text-block-small-version\">\n                                                <p>Championnats du monde masculin \u00e0 Zurich et Kloten<\/p>\n                                            <\/div>\n                                                                            <\/div>\n                                <\/div>\n                            <\/div>\n                                                    <div class=\"our-story-slide\">\n                                <div class=\"our-story-slide-content\">\n                                    <div class=\"our-story-slide-content-top\">\n                                                                            <\/div>\n\n                                    <div class=\"our-story-slide-content-l\">\n                                        <p class=\"story_date margin-bottom-0\">2005<\/p>\n                                    <\/div>\n\n                                    <div class=\"our-story-slide-content-r\">\n                                                                                    <h4 class=\"story_title small-version mb_0\">CM \u00e0 Singapour<\/h4>\n                                        \n                                                                                    <div class=\"desc text-block-white-primary-color text-block-small-version\">\n                                                <p>1er titre mondial f\u00e9minin<\/p>\n                                            <\/div>\n                                                                            <\/div>\n                                <\/div>\n                            <\/div>\n                                                    <div class=\"our-story-slide\">\n                                <div class=\"our-story-slide-content\">\n                                    <div class=\"our-story-slide-content-top\">\n                                                                            <\/div>\n\n                                    <div class=\"our-story-slide-content-l\">\n                                        <p class=\"story_date margin-bottom-0\">2011<\/p>\n                                    <\/div>\n\n                                    <div class=\"our-story-slide-content-r\">\n                                                                                    <h4 class=\"story_title small-version mb_0\">CM \u00e0 domicile<\/h4>\n                                        \n                                                                                    <div class=\"desc text-block-white-primary-color text-block-small-version\">\n                                                <p>Championnats du monde f\u00e9minine \u00e0 Saint-Gall<\/p>\n                                            <\/div>\n                                                                            <\/div>\n                                <\/div>\n                            <\/div>\n                                                    <div class=\"our-story-slide\">\n                                <div class=\"our-story-slide-content\">\n                                    <div class=\"our-story-slide-content-top\">\n                                                                            <\/div>\n\n                                    <div class=\"our-story-slide-content-l\">\n                                        <p class=\"story_date margin-bottom-0\">2012<\/p>\n                                    <\/div>\n\n                                    <div class=\"our-story-slide-content-r\">\n                                                                                    <h4 class=\"story_title small-version mb_0\">CM \u00e0 domicile<\/h4>\n                                        \n                                                                                    <div class=\"desc text-block-white-primary-color text-block-small-version\">\n                                                <p>Championnats du monde masculin \u00e0 Zurich et Berne<\/p>\n                                            <\/div>\n                                                                            <\/div>\n                                <\/div>\n                            <\/div>\n                                                    <div class=\"our-story-slide\">\n                                <div class=\"our-story-slide-content\">\n                                    <div class=\"our-story-slide-content-top\">\n                                                                            <\/div>\n\n                                    <div class=\"our-story-slide-content-l\">\n                                        <p class=\"story_date margin-bottom-0\">2019<\/p>\n                                    <\/div>\n\n                                    <div class=\"our-story-slide-content-r\">\n                                                                                    <h4 class=\"story_title small-version mb_0\">CM \u00e0 domicile<\/h4>\n                                        \n                                                                                    <div class=\"desc text-block-white-primary-color text-block-small-version\">\n                                                <p>Championnats du monde f\u00e9minine \u00e0 Neuch\u00e2tel<\/p>\n                                            <\/div>\n                                                                            <\/div>\n                                <\/div>\n                            <\/div>\n                                                    <div class=\"our-story-slide\">\n                                <div class=\"our-story-slide-content\">\n                                    <div class=\"our-story-slide-content-top\">\n                                                                            <\/div>\n\n                                    <div class=\"our-story-slide-content-l\">\n                                        <p class=\"story_date margin-bottom-0\">2022<\/p>\n                                    <\/div>\n\n                                    <div class=\"our-story-slide-content-r\">\n                                                                                    <h4 class=\"story_title small-version mb_0\">CM \u00e0 domicile<\/h4>\n                                        \n                                                                                    <div class=\"desc text-block-white-primary-color text-block-small-version\">\n                                                <p>Championnats du monde masculin \u00e0 Zurich et Winterthour<\/p>\n                                            <\/div>\n                                                                            <\/div>\n                                <\/div>\n                            <\/div>\n                                                    <div class=\"our-story-slide\">\n                                <div class=\"our-story-slide-content\">\n                                    <div class=\"our-story-slide-content-top\">\n                                                                            <\/div>\n\n                                    <div class=\"our-story-slide-content-l\">\n                                        <p class=\"story_date margin-bottom-0\">2025<\/p>\n                                    <\/div>\n\n                                    <div class=\"our-story-slide-content-r\">\n                                                                                    <h4 class=\"story_title small-version mb_0\">CM \u00e0 Brno &#038; Ostrava, R\u00e9publique tch\u00e8que<\/h4>\n                                        \n                                                                                    <div class=\"desc text-block-white-primary-color text-block-small-version\">\n                                                <p>2e titre de championne du monde chez les femmes<\/p>\n                                            <\/div>\n                                                                            <\/div>\n                                <\/div>\n                            <\/div>\n                                            <\/div>\n                <\/div>\n\n                            <\/div>\n        <\/section>\n\n        <script>\n            jQuery( document ).ready( function($) {\n                $('.our-story-6a06ebbe75128 .our-story-slider').slick({\n                    arrows: false,\n                    dots: false,\n                    infinite: false,\n                    speed: 500,\n                    fade: false,\n                    autoplaySpeed: 5000,\n                    cssEase: 'linear',\n                    autoplay: false,\n                    slidesToShow: 1,\n                    slidesToScroll: 1,\n                    responsive: [\n                        {\n                            breakpoint: 767,\n                            settings: {\n                                fade: true,\n                            }\n                        },\n                    ],\n                });\n            });\n        <\/script>\n    \n\n\n\n            <section class=\"mitglieder-block block-margins\">\n            <div class=\"title-block-wrapper visibleInBackend block-outer-sides-paddings\">\n                \n                                    <h2 class=\"\">Stars suisses<\/h2>\n                            <\/div>\n\n            <div class=\"mitglieder_result_block visibleInBackend\">\n                                    <div class=\"mitglied \">\n                                                    <img decoding=\"async\" class=\"member-photo\" src=\"https:\/\/ec2030.ch\/wp-content\/uploads\/2026\/04\/Gianluca-Persici-Unihockey.png\" alt=\"Gianluca Persici - Unihockey\"\/>\n                                                <div class=\"member-text\">\n                            <p class=\"member-name mb_0\">Gianluca Persici<\/p>\n\n                            \n                                                                                                <div class=\"text-block-white-primary-color\">\n                                        <p>Poste : attaquant<br \/>\nClub actuel : Mullsj\u00f6 AIS (SWE)<br \/>\n\u2014-<br \/>\nPalmar\u00e8s :<br \/>\n2019, 2023 : champion de Suisse avec le SV Wiler-Ersigen<\/p>\n                                    <\/div>\n                                                            \n                        <\/div>\n                    <\/div>\n                                    <div class=\"mitglied \">\n                                                    <img decoding=\"async\" class=\"member-photo\" src=\"https:\/\/ec2030.ch\/wp-content\/uploads\/2026\/04\/Pascal-Schmuki-Unihockey.png\" alt=\"Pascal Schmuki - Unihockey\"\/>\n                                                <div class=\"member-text\">\n                            <p class=\"member-name mb_0\">Pascal Schmuki<\/p>\n\n                            \n                                                                                                <div class=\"text-block-white-primary-color\">\n                                        <p>Poste : d\u00e9fenseur<br \/>\nClub actuel : Storvreta IBK<br \/>\n\u2014<br \/>\nPalmar\u00e8s<br \/>\n2026 : vainqueur de la Champions Cup avec Storvreta IBK (SWE)<br \/>\n2026 : champion de Su\u00e8de avec Storvreta IBK (SWE)<br \/>\n2023 : m\u00e9daille d&rsquo;argent aux Championnats du monde U19<\/p>\n                                    <\/div>\n                                                            \n                        <\/div>\n                    <\/div>\n                                    <div class=\"mitglied \">\n                                                    <img decoding=\"async\" class=\"member-photo\" src=\"https:\/\/ec2030.ch\/wp-content\/uploads\/2026\/04\/Nils-Schaelin-Unihockey.png\" alt=\"Nils Sch\u00e4lin - Unihockey\"\/>\n                                                <div class=\"member-text\">\n                            <p class=\"member-name mb_0\">Nils Sch\u00e4lin<\/p>\n\n                            \n                                                                                                <div class=\"text-block-white-primary-color\">\n                                        <p>Poste : Gardien de but<br \/>\nClub actuel : Zug United<br \/>\n\u2014<br \/>\nPalmar\u00e8s<br \/>\n2024, 2025 : Champion de Suisse avec Zug United<\/p>\n                                    <\/div>\n                                                            \n                        <\/div>\n                    <\/div>\n                                    <div class=\"mitglied \">\n                                                    <img decoding=\"async\" class=\"member-photo\" src=\"https:\/\/ec2030.ch\/wp-content\/uploads\/2026\/04\/Norina-Reusser-Unihockey.png\" alt=\"Norina Reusser - Unihockey\"\/>\n                                                <div class=\"member-text\">\n                            <p class=\"member-name mb_0\">Norina Reusser<\/p>\n\n                            \n                                                                                                <div class=\"text-block-white-primary-color\">\n                                        <p>Poste : attaquante<br \/>\nClub actuel : Unihockey Berner Oberland<br \/>\n\u2014<br \/>\nPalmar\u00e8s<br \/>\n2025 : m\u00e9daille d&rsquo;or aux Championnats du monde<br \/>\n2025 : m\u00e9daille de bronze aux World Games<\/p>\n                                    <\/div>\n                                                            \n                        <\/div>\n                    <\/div>\n                                    <div class=\"mitglied \">\n                                                    <img decoding=\"async\" class=\"member-photo\" src=\"https:\/\/ec2030.ch\/wp-content\/uploads\/2026\/04\/Lara-Heini-Unihockey.png\" alt=\"Lara Heini - Unihockey\"\/>\n                                                <div class=\"member-text\">\n                            <p class=\"member-name mb_0\">Lara Heini<\/p>\n\n                            \n                                                                                                <div class=\"text-block-white-primary-color\">\n                                        <p>Poste : gardienne de but<br \/>\nClub actuel : Pixbo IBK<br \/>\n\u2014<br \/>\nPalmar\u00e8s<br \/>\n2025 : m\u00e9daille d&rsquo;or aux Championnats du monde<br \/>\n2025 : m\u00e9daille de bronze aux World Games<br \/>\n2021 : m\u00e9daille de bronze aux Championnats du monde<br \/>\n2019 : m\u00e9daille d&rsquo;argent aux Championnats du monde<br \/>\n2017 : m\u00e9daille de bronze aux Championnats du monde<\/p>\n                                    <\/div>\n                                                            \n                        <\/div>\n                    <\/div>\n                                    <div class=\"mitglied \">\n                                                    <img decoding=\"async\" class=\"member-photo\" src=\"https:\/\/ec2030.ch\/wp-content\/uploads\/2026\/04\/Celine-Stettler-Unihockey.png\" alt=\"C\u00e9line Stettler - Unihockey\"\/>\n                                                <div class=\"member-text\">\n                            <p class=\"member-name mb_0\">C\u00e9line Stettler<\/p>\n\n                            \n                                                                                                <div class=\"text-block-white-primary-color\">\n                                        <p>Poste : d\u00e9fenseuse<br \/>\nClub actuel : Zug United<br \/>\n\u2014<br \/>\nPalmar\u00e8s<br \/>\n2025 : m\u00e9daille d&rsquo;or aux Championnats du monde<br \/>\n2025 : m\u00e9daille de bronze aux World Games<br \/>\n2021 : m\u00e9daille de bronze aux Championnats du monde<\/p>\n                                    <\/div>\n                                                            \n                        <\/div>\n                    <\/div>\n                            <\/div>\n\n                    <\/section>\n\n        <script>\n            var controller = new ScrollMagic.Controller();\n\n            new ScrollMagic.Scene({\n                triggerElement: \".mitglieder-block .title-block-wrapper\",\n                triggerHook: 0.8,\n                offset: 0\n            })\n                .setClassToggle(\".mitglieder-block .title-block-wrapper\", \"visibleBlock\")\n                .addTo(controller);\n\n            new ScrollMagic.Scene({\n                triggerElement: \".mitglieder-block .mitglieder_filters_block\",\n                triggerHook: 0.8,\n                offset: 0\n            })\n                .setClassToggle(\".mitglieder-block .mitglieder_filters_block\", \"visibleBlock\")\n                .addTo(controller);\n\n            new ScrollMagic.Scene({\n                triggerElement: \".mitglieder-block .mitglieder_result_block\",\n                triggerHook: 0.7,\n                offset: 0\n            })\n                .setClassToggle(\".mitglieder-block .mitglieder_result_block\", \"visibleBlock\")\n                .addTo(controller);\n\n            new ScrollMagic.Scene({\n                triggerElement: \".mitglieder-block .link\",\n                triggerHook: 0.7,\n                offset: 0\n            })\n                .setClassToggle(\".mitglieder-block .link\", \"visibleBlock\")\n                .addTo(controller);\n        <\/script>\n    \n","protected":false},"excerpt":{"rendered":"<p>Le unihockey, sport rapide pratiqu\u00e9 en salle, devrait faire partie des European Championships pour la premi\u00e8re fois en 2030. Le unihockey est particuli\u00e8rement bien implant\u00e9 en Suisse et en Scandinavie, o\u00f9 il se joue en 5 contre 5 lors des matchs internationaux. Le jeu se caract\u00e9rise par sa vitesse, sa technique et son flux de [&hellip;]<\/p>\n","protected":false},"author":6,"featured_media":5074,"parent":0,"menu_order":12,"comment_status":"closed","ping_status":"closed","template":"page-templates\/page-sportart.php","meta":{"_acf_changed":false,"inline_featured_image":false,"footnotes":""},"class_list":["post-5286","page","type-page","status-publish","has-post-thumbnail","hentry"],"acf":[],"_links":{"self":[{"href":"https:\/\/ec2030.ch\/fr\/wp-json\/wp\/v2\/pages\/5286","targetHints":{"allow":["GET"]}}],"collection":[{"href":"https:\/\/ec2030.ch\/fr\/wp-json\/wp\/v2\/pages"}],"about":[{"href":"https:\/\/ec2030.ch\/fr\/wp-json\/wp\/v2\/types\/page"}],"author":[{"embeddable":true,"href":"https:\/\/ec2030.ch\/fr\/wp-json\/wp\/v2\/users\/6"}],"replies":[{"embeddable":true,"href":"https:\/\/ec2030.ch\/fr\/wp-json\/wp\/v2\/comments?post=5286"}],"version-history":[{"count":7,"href":"https:\/\/ec2030.ch\/fr\/wp-json\/wp\/v2\/pages\/5286\/revisions"}],"predecessor-version":[{"id":6150,"href":"https:\/\/ec2030.ch\/fr\/wp-json\/wp\/v2\/pages\/5286\/revisions\/6150"}],"wp:featuredmedia":[{"embeddable":true,"href":"https:\/\/ec2030.ch\/fr\/wp-json\/wp\/v2\/media\/5074"}],"wp:attachment":[{"href":"https:\/\/ec2030.ch\/fr\/wp-json\/wp\/v2\/media?parent=5286"}],"curies":[{"name":"wp","href":"https:\/\/api.w.org\/{rel}","templated":true}]}}